{"id":1477,"date":"2026-02-25T17:10:35","date_gmt":"2026-02-25T17:10:35","guid":{"rendered":"https:\/\/oftalmologocancun.com.mx\/?page_id=1477"},"modified":"2026-02-25T17:10:38","modified_gmt":"2026-02-25T17:10:38","slug":"cookies","status":"publish","type":"page","link":"https:\/\/oftalmologocancun.com.mx\/en\/cookies\/","title":{"rendered":"POL\u00cdTICA DE COOKIES"},"content":{"rendered":"<p>\u00daltima actualizaci\u00f3n: Feb 2026<\/p>\n\n\n\n<p>La presente Pol\u00edtica de Cookies aplica al sitio web: https:\/\/oftalmologocancun.com.mx<\/p>\n\n\n\n<p>as\u00ed como a sus dominios relacionados:<\/p>\n\n\n\n<ul class=\"wp-block-list\">\n<li>https:\/\/oftalmo.mx<\/li>\n\n\n\n<li>https:\/\/lasikcancun.com<br><\/li>\n<\/ul>\n\n\n\n<p>(en conjunto, \u201cPROVISSI\u00d3N\u201d).<\/p>\n\n\n\n<hr class=\"wp-block-separator has-alpha-channel-opacity\"\/>\n\n\n\n<h2 class=\"wp-block-heading\"><strong>1. \u00bfQu\u00e9 son las cookies?<\/strong><\/h2>\n\n\n\n<p>Las cookies son peque\u00f1os archivos de texto que se almacenan en su dispositivo (computadora, tel\u00e9fono m\u00f3vil o tablet) cuando visita un sitio web. Estas permiten que el sitio recuerde informaci\u00f3n sobre su visita, mejorando la experiencia de navegaci\u00f3n y permitiendo ciertas funcionalidades t\u00e9cnicas.<\/p>\n\n\n\n<hr class=\"wp-block-separator has-alpha-channel-opacity\"\/>\n\n\n\n<h2 class=\"wp-block-heading\"><strong>2. \u00bfQu\u00e9 tipos de cookies utilizamos?<\/strong><\/h2>\n\n\n\n<p>PROVISSI\u00d3N utiliza cookies propias y de terceros con las siguientes finalidades:<\/p>\n\n\n\n<h3 class=\"wp-block-heading\"><strong>A) Cookies T\u00e9cnicas (Necesarias)<\/strong><\/h3>\n\n\n\n<p>Permiten el funcionamiento b\u00e1sico del sitio web.<\/p>\n\n\n\n<p>Sin estas cookies, el sitio no puede operar correctamente.<\/p>\n\n\n\n<p>Incluyen tecnolog\u00edas relacionadas con:<\/p>\n\n\n\n<ul class=\"wp-block-list\">\n<li>WordPress (sistema de gesti\u00f3n de contenidos)<\/li>\n\n\n\n<li>Elementor (constructor visual del sitio)<\/li>\n\n\n\n<li>Wordfence (seguridad y protecci\u00f3n contra ataques)<\/li>\n\n\n\n<li>Jetpack (optimizaci\u00f3n y rendimiento)<br><\/li>\n<\/ul>\n\n\n\n<p>Estas cookies pueden gestionar:<\/p>\n\n\n\n<ul class=\"wp-block-list\">\n<li>Inicio de sesi\u00f3n administrativo<\/li>\n\n\n\n<li>Seguridad contra accesos no autorizados<\/li>\n\n\n\n<li>Prevenci\u00f3n de spam<\/li>\n\n\n\n<li>Balance de carga y rendimiento<br><\/li>\n<\/ul>\n\n\n\n<hr class=\"wp-block-separator has-alpha-channel-opacity\"\/>\n\n\n\n<h3 class=\"wp-block-heading\"><strong>B) Cookies de Seguridad<\/strong><\/h3>\n\n\n\n<p>Utilizadas principalmente por:<\/p>\n\n\n\n<ul class=\"wp-block-list\">\n<li>Wordfence<\/li>\n\n\n\n<li>Jetpack Security<br><\/li>\n<\/ul>\n\n\n\n<p>Permiten:<\/p>\n\n\n\n<ul class=\"wp-block-list\">\n<li>Detectar intentos de acceso malicioso<\/li>\n\n\n\n<li>Proteger formularios<\/li>\n\n\n\n<li>Monitorear tr\u00e1fico sospechoso<\/li>\n\n\n\n<li>Prevenir ataques automatizados<br><\/li>\n<\/ul>\n\n\n\n<p>Estas cookies son esenciales para la seguridad del sitio.<\/p>\n\n\n\n<hr class=\"wp-block-separator has-alpha-channel-opacity\"\/>\n\n\n\n<h3 class=\"wp-block-heading\"><strong>C) Cookies Anal\u00edticas<\/strong><\/h3>\n\n\n\n<p>Utilizadas para comprender c\u00f3mo los usuarios interact\u00faan con el sitio web y mejorar su funcionamiento.<\/p>\n\n\n\n<p>Pueden incluir herramientas como:<\/p>\n\n\n\n<ul class=\"wp-block-list\">\n<li>Google Analytics<\/li>\n\n\n\n<li>Servicios estad\u00edsticos integrados en Jetpack<br><\/li>\n<\/ul>\n\n\n\n<p>Estas cookies recopilan informaci\u00f3n como:<\/p>\n\n\n\n<ul class=\"wp-block-list\">\n<li>P\u00e1ginas visitadas<\/li>\n\n\n\n<li>Tiempo de permanencia<\/li>\n\n\n\n<li>Ubicaci\u00f3n geogr\u00e1fica aproximada<\/li>\n\n\n\n<li>Tipo de dispositivo<\/li>\n\n\n\n<li>Fuente de tr\u00e1fico<br><\/li>\n<\/ul>\n\n\n\n<p>La informaci\u00f3n recopilada es agregada y no identifica directamente al usuario.<\/p>\n\n\n\n<p>Para m\u00e1s informaci\u00f3n sobre Google Analytics: https:\/\/policies.google.com\/technologies\/cookies<\/p>\n\n\n\n<hr class=\"wp-block-separator has-alpha-channel-opacity\"\/>\n\n\n\n<h3 class=\"wp-block-heading\"><strong>D) Cookies Publicitarias y de Seguimiento<\/strong><\/h3>\n\n\n\n<p>El sitio puede utilizar herramientas como:<\/p>\n\n\n\n<ul class=\"wp-block-list\">\n<li>Meta (Facebook) Pixel<\/li>\n\n\n\n<li>Google Ads<\/li>\n\n\n\n<li>Twitter (X) tracking<\/li>\n\n\n\n<li>YouTube embedded player<br><\/li>\n<\/ul>\n\n\n\n<p>Estas cookies permiten:<\/p>\n\n\n\n<ul class=\"wp-block-list\">\n<li>Medir efectividad de campa\u00f1as publicitarias<\/li>\n\n\n\n<li>Mostrar anuncios relevantes<\/li>\n\n\n\n<li>Realizar remarketing<\/li>\n\n\n\n<li>Analizar interacci\u00f3n con videos incrustados<br><\/li>\n<\/ul>\n\n\n\n<p>Para m\u00e1s informaci\u00f3n:<\/p>\n\n\n\n<ul class=\"wp-block-list\">\n<li>Google: https:\/\/policies.google.com\/technologies\/ads<\/li>\n\n\n\n<li>Meta (Facebook): https:\/\/www.facebook.com\/policies\/cookies<\/li>\n\n\n\n<li>Twitter (X): https:\/\/twitter.com\/en\/privacy<\/li>\n\n\n\n<li>YouTube: https:\/\/policies.google.com\/privacy<\/li>\n<\/ul>\n\n\n\n<hr class=\"wp-block-separator has-alpha-channel-opacity\"\/>\n\n\n\n<h3 class=\"wp-block-heading\"><strong>E) Cookies de Comunicaci\u00f3n<\/strong><\/h3>\n\n\n\n<p>Al utilizar botones o enlaces hacia:<\/p>\n\n\n\n<ul class=\"wp-block-list\">\n<li>WhatsApp<\/li>\n\n\n\n<li>Facebook Messenger<\/li>\n\n\n\n<li>Redes sociales<br><\/li>\n<\/ul>\n\n\n\n<p>Puede generarse la activaci\u00f3n de cookies propias de dichos servicios.<\/p>\n\n\n\n<p>M\u00e1s informaci\u00f3n sobre WhatsApp: https:\/\/www.whatsapp.com\/legal\/privacy-policy<\/p>\n\n\n\n<hr class=\"wp-block-separator has-alpha-channel-opacity\"\/>\n\n\n\n<h2 class=\"wp-block-heading\"><strong>3. \u00bfC\u00f3mo puede controlar las cookies?<\/strong><\/h2>\n\n\n\n<p>Usted puede:<\/p>\n\n\n\n<ul class=\"wp-block-list\">\n<li>Configurar su navegador para bloquear o eliminar cookies.<\/li>\n\n\n\n<li>Aceptar o rechazar cookies mediante el banner de consentimiento del sitio.<\/li>\n\n\n\n<li>Modificar preferencias desde la configuraci\u00f3n del navegador.<br><\/li>\n<\/ul>\n\n\n\n<p>Tenga en cuenta que deshabilitar ciertas cookies puede afectar el funcionamiento del sitio web.<\/p>\n\n\n\n<hr class=\"wp-block-separator has-alpha-channel-opacity\"\/>\n\n\n\n<h2 class=\"wp-block-heading\"><strong>4. Base Legal para el Uso de Cookies<\/strong><\/h2>\n\n\n\n<p>El uso de cookies se basa en:<\/p>\n\n\n\n<ul class=\"wp-block-list\">\n<li>El consentimiento del usuario cuando la ley lo requiere.<\/li>\n\n\n\n<li>El inter\u00e9s leg\u00edtimo del responsable en garantizar seguridad, funcionamiento t\u00e9cnico y mejora continua del sitio.<br><\/li>\n<\/ul>\n\n\n\n<p>En el caso de visitantes de la Uni\u00f3n Europea u otras jurisdicciones con regulaci\u00f3n espec\u00edfica, se solicitar\u00e1 consentimiento previo para cookies no esenciales.<\/p>\n\n\n\n<hr class=\"wp-block-separator has-alpha-channel-opacity\"\/>\n\n\n\n<h2 class=\"wp-block-heading\"><strong>5. Transferencias Internacionales de Datos<\/strong><\/h2>\n\n\n\n<p>Algunas herramientas utilizadas (como Google, Meta, YouTube o Twitter) pueden implicar transferencias internacionales de datos conforme a sus propias pol\u00edticas de privacidad.<\/p>\n\n\n\n<p>PROVISSI\u00d3N no controla directamente dichas transferencias, pero selecciona proveedores tecnol\u00f3gicos reconocidos internacionalmente.<\/p>\n\n\n\n<hr class=\"wp-block-separator has-alpha-channel-opacity\"\/>\n\n\n\n<h2 class=\"wp-block-heading\"><strong>6. Actualizaciones<\/strong><\/h2>\n\n\n\n<p>PROVISSI\u00d3N podr\u00e1 modificar esta Pol\u00edtica de Cookies en cualquier momento para adaptarla a cambios tecnol\u00f3gicos o normativos.<\/p>\n\n\n\n<p>Correo electr\u00f3nico: admin@oftalmologocancun.com.mx<\/p>\n\n\n\n<p>La versi\u00f3n vigente estar\u00e1 siempre disponible en: https:\/\/oftalmologocancun.com.mx<\/p>\n\n\n\n<div class=\"wp-block-buttons is-layout-flex wp-block-buttons-is-layout-flex\">\n<div class=\"wp-block-button\"><a class=\"wp-block-button__link wp-element-button\" href=\"https:\/\/oftalmologocancun.com.mx\/en\/\">Inicio<\/a><\/div>\n<\/div>","protected":false},"excerpt":{"rendered":"<p>\u00daltima actualizaci\u00f3n: Feb 2026 La presente Pol\u00edtica de Cookies aplica al sitio web: https:\/\/oftalmologocancun.com.mx as\u00ed como a sus dominios relacionados: (en conjunto, \u201cPROVISSI\u00d3N\u201d). 1. \u00bfQu\u00e9 son las cookies? Las cookies son peque\u00f1os archivos de texto que se almacenan en su dispositivo (computadora, tel\u00e9fono m\u00f3vil o tablet) cuando visita un sitio web. Estas permiten que el [&hellip;]<\/p>\n","protected":false},"author":1,"featured_media":0,"parent":0,"menu_order":0,"comment_status":"closed","ping_status":"closed","template":"","meta":{"footnotes":""},"class_list":["post-1477","page","type-page","status-publish","hentry"],"_links":{"self":[{"href":"https:\/\/oftalmologocancun.com.mx\/en\/wp-json\/wp\/v2\/pages\/1477","targetHints":{"allow":["GET"]}}],"collection":[{"href":"https:\/\/oftalmologocancun.com.mx\/en\/wp-json\/wp\/v2\/pages"}],"about":[{"href":"https:\/\/oftalmologocancun.com.mx\/en\/wp-json\/wp\/v2\/types\/page"}],"author":[{"embeddable":true,"href":"https:\/\/oftalmologocancun.com.mx\/en\/wp-json\/wp\/v2\/users\/1"}],"replies":[{"embeddable":true,"href":"https:\/\/oftalmologocancun.com.mx\/en\/wp-json\/wp\/v2\/comments?post=1477"}],"version-history":[{"count":1,"href":"https:\/\/oftalmologocancun.com.mx\/en\/wp-json\/wp\/v2\/pages\/1477\/revisions"}],"predecessor-version":[{"id":1478,"href":"https:\/\/oftalmologocancun.com.mx\/en\/wp-json\/wp\/v2\/pages\/1477\/revisions\/1478"}],"wp:attachment":[{"href":"https:\/\/oftalmologocancun.com.mx\/en\/wp-json\/wp\/v2\/media?parent=1477"}],"curies":[{"name":"wp","href":"https:\/\/api.w.org\/{rel}","templated":true}]}}